{"id":2736,"date":"2023-02-27T13:04:08","date_gmt":"2023-02-27T13:04:08","guid":{"rendered":"https:\/\/verbandschoenen.local\/product\/sanisoft\/"},"modified":"2023-02-27T13:06:27","modified_gmt":"2023-02-27T13:06:27","slug":"sanisoft","status":"publish","type":"product","link":"https:\/\/thuiszorgwinkel.mediabirds.dev\/de\/produkt\/sanisoft\/","title":{"rendered":"Sanisoft"},"content":{"rendered":"","protected":false},"excerpt":{"rendered":"<ul>\n<li>2 Klettverschl\u00fcsse im Vorfu\u00dfbereich<\/li>\n<li>Ausgeschnittener tiefer Schaft unter dem Kn\u00f6chel<\/li>\n<li>Eintauchkante in der Sohle f\u00fcr stabilen Halt von z.B. Schaumstoffeinlagen<\/li>\n<li>Frottee-Futter<\/li>\n<\/ul>\n","protected":false},"featured_media":1023,"comment_status":"closed","ping_status":"closed","template":"","meta":{"_acf_changed":false,"inline_featured_image":false},"product_cat":[106],"product_tag":[],"acf":[],"yoast_head":"<!-- This site is optimized with the Yoast SEO plugin v23.2 - https:\/\/yoast.com\/wordpress\/plugins\/seo\/ -->\n<title>Sanisoft - Offici\u00eble website Verbandschoenen<\/title>\n<meta name=\"robots\" content=\"noindex, follow, max-snippet:-1, max-image-preview:large, max-video-preview:-1\" \/>\n<meta property=\"og:locale\" content=\"de_DE\" \/>\n<meta property=\"og:type\" content=\"article\" \/>\n<meta property=\"og:title\" content=\"Sanisoft - Offici\u00eble website Verbandschoenen\" \/>\n<meta property=\"og:description\" content=\"2 Klettverschl\u00fcsse im Vorfu\u00dfbereich  Ausgeschnittener tiefer Schaft unter dem Kn\u00f6chel  Eintauchkante in der Sohle f\u00fcr stabilen Halt von z.B. Schaumstoffeinlagen  Frottee-Futter\" \/>\n<meta property=\"og:url\" content=\"https:\/\/verbandschoenen.nl\/de\/produkt\/sanisoft\/\" \/>\n<meta property=\"og:site_name\" content=\"Offici\u00eble website Verbandschoenen\" \/>\n<meta property=\"article:modified_time\" content=\"2023-02-27T13:06:27+00:00\" \/>\n<meta property=\"og:image\" content=\"https:\/\/verbandschoenen.nl\/wp-content\/uploads\/2023\/02\/Sanisoft_521110_38_marineblauw-1.webp\" \/>\n\t<meta property=\"og:image:width\" content=\"400\" \/>\n\t<meta property=\"og:image:height\" content=\"500\" \/>\n\t<meta property=\"og:image:type\" content=\"image\/webp\" \/>\n<meta name=\"twitter:card\" content=\"summary_large_image\" \/>\n<script type=\"application\/ld+json\" class=\"yoast-schema-graph\">{\"@context\":\"https:\/\/schema.org\",\"@graph\":[{\"@type\":\"WebPage\",\"@id\":\"https:\/\/verbandschoenen.nl\/de\/produkt\/sanisoft\/\",\"url\":\"https:\/\/verbandschoenen.nl\/de\/produkt\/sanisoft\/\",\"name\":\"Sanisoft - Offici\u00eble website Verbandschoenen\",\"isPartOf\":{\"@id\":\"https:\/\/thuiszorgwinkel.mediabirds.dev\/#website\"},\"primaryImageOfPage\":{\"@id\":\"https:\/\/verbandschoenen.nl\/de\/produkt\/sanisoft\/#primaryimage\"},\"image\":{\"@id\":\"https:\/\/verbandschoenen.nl\/de\/produkt\/sanisoft\/#primaryimage\"},\"thumbnailUrl\":\"https:\/\/thuiszorgwinkel.mediabirds.dev\/wp-content\/uploads\/2023\/02\/Sanisoft_521110_38_marineblauw-1.webp\",\"datePublished\":\"2023-02-27T13:04:08+00:00\",\"dateModified\":\"2023-02-27T13:06:27+00:00\",\"breadcrumb\":{\"@id\":\"https:\/\/verbandschoenen.nl\/de\/produkt\/sanisoft\/#breadcrumb\"},\"inLanguage\":\"de-DE\",\"potentialAction\":[{\"@type\":\"ReadAction\",\"target\":[\"https:\/\/verbandschoenen.nl\/de\/produkt\/sanisoft\/\"]}]},{\"@type\":\"ImageObject\",\"inLanguage\":\"de-DE\",\"@id\":\"https:\/\/verbandschoenen.nl\/de\/produkt\/sanisoft\/#primaryimage\",\"url\":\"https:\/\/thuiszorgwinkel.mediabirds.dev\/wp-content\/uploads\/2023\/02\/Sanisoft_521110_38_marineblauw-1.webp\",\"contentUrl\":\"https:\/\/thuiszorgwinkel.mediabirds.dev\/wp-content\/uploads\/2023\/02\/Sanisoft_521110_38_marineblauw-1.webp\",\"width\":400,\"height\":500},{\"@type\":\"BreadcrumbList\",\"@id\":\"https:\/\/verbandschoenen.nl\/de\/produkt\/sanisoft\/#breadcrumb\",\"itemListElement\":[{\"@type\":\"ListItem\",\"position\":1,\"name\":\"Home\",\"item\":\"https:\/\/verbandschoenen.nl\/de\/\"},{\"@type\":\"ListItem\",\"position\":2,\"name\":\"Shop\",\"item\":\"https:\/\/verbandschoenen.nl\/de\/shop\/\"},{\"@type\":\"ListItem\",\"position\":3,\"name\":\"Sanisoft\"}]},{\"@type\":\"WebSite\",\"@id\":\"https:\/\/thuiszorgwinkel.mediabirds.dev\/#website\",\"url\":\"https:\/\/thuiszorgwinkel.mediabirds.dev\/\",\"name\":\"Offici\u00eble website Verbandschoenen\",\"description\":\"VOOR THERAPIE EN COMFORT\",\"publisher\":{\"@id\":\"https:\/\/thuiszorgwinkel.mediabirds.dev\/#organization\"},\"potentialAction\":[{\"@type\":\"SearchAction\",\"target\":{\"@type\":\"EntryPoint\",\"urlTemplate\":\"https:\/\/thuiszorgwinkel.mediabirds.dev\/?s={search_term_string}\"},\"query-input\":\"required name=search_term_string\"}],\"inLanguage\":\"de-DE\"},{\"@type\":\"Organization\",\"@id\":\"https:\/\/thuiszorgwinkel.mediabirds.dev\/#organization\",\"name\":\"Offici\u00eble website Verbandschoenen\",\"url\":\"https:\/\/thuiszorgwinkel.mediabirds.dev\/\",\"logo\":{\"@type\":\"ImageObject\",\"inLanguage\":\"de-DE\",\"@id\":\"https:\/\/thuiszorgwinkel.mediabirds.dev\/#\/schema\/logo\/image\/\",\"url\":\"https:\/\/thuiszorgwinkel.mediabirds.dev\/wp-content\/uploads\/2023\/01\/verband-schoenen.svg\",\"contentUrl\":\"https:\/\/thuiszorgwinkel.mediabirds.dev\/wp-content\/uploads\/2023\/01\/verband-schoenen.svg\",\"caption\":\"Offici\u00eble website Verbandschoenen\"},\"image\":{\"@id\":\"https:\/\/thuiszorgwinkel.mediabirds.dev\/#\/schema\/logo\/image\/\"}}]}<\/script>\n<!-- \/ Yoast SEO plugin. -->","yoast_head_json":{"title":"Sanisoft - Offici\u00eble website Verbandschoenen","robots":{"index":"noindex","follow":"follow","max-snippet":"max-snippet:-1","max-image-preview":"max-image-preview:large","max-video-preview":"max-video-preview:-1"},"og_locale":"de_DE","og_type":"article","og_title":"Sanisoft - Offici\u00eble website Verbandschoenen","og_description":"2 Klettverschl\u00fcsse im Vorfu\u00dfbereich  Ausgeschnittener tiefer Schaft unter dem Kn\u00f6chel  Eintauchkante in der Sohle f\u00fcr stabilen Halt von z.B. Schaumstoffeinlagen  Frottee-Futter","og_url":"https:\/\/verbandschoenen.nl\/de\/produkt\/sanisoft\/","og_site_name":"Offici\u00eble website Verbandschoenen","article_modified_time":"2023-02-27T13:06:27+00:00","og_image":[{"width":400,"height":500,"url":"https:\/\/verbandschoenen.nl\/wp-content\/uploads\/2023\/02\/Sanisoft_521110_38_marineblauw-1.webp","type":"image\/webp"}],"twitter_card":"summary_large_image","schema":{"@context":"https:\/\/schema.org","@graph":[{"@type":"WebPage","@id":"https:\/\/verbandschoenen.nl\/de\/produkt\/sanisoft\/","url":"https:\/\/verbandschoenen.nl\/de\/produkt\/sanisoft\/","name":"Sanisoft - Offici\u00eble website Verbandschoenen","isPartOf":{"@id":"https:\/\/thuiszorgwinkel.mediabirds.dev\/#website"},"primaryImageOfPage":{"@id":"https:\/\/verbandschoenen.nl\/de\/produkt\/sanisoft\/#primaryimage"},"image":{"@id":"https:\/\/verbandschoenen.nl\/de\/produkt\/sanisoft\/#primaryimage"},"thumbnailUrl":"https:\/\/thuiszorgwinkel.mediabirds.dev\/wp-content\/uploads\/2023\/02\/Sanisoft_521110_38_marineblauw-1.webp","datePublished":"2023-02-27T13:04:08+00:00","dateModified":"2023-02-27T13:06:27+00:00","breadcrumb":{"@id":"https:\/\/verbandschoenen.nl\/de\/produkt\/sanisoft\/#breadcrumb"},"inLanguage":"de-DE","potentialAction":[{"@type":"ReadAction","target":["https:\/\/verbandschoenen.nl\/de\/produkt\/sanisoft\/"]}]},{"@type":"ImageObject","inLanguage":"de-DE","@id":"https:\/\/verbandschoenen.nl\/de\/produkt\/sanisoft\/#primaryimage","url":"https:\/\/thuiszorgwinkel.mediabirds.dev\/wp-content\/uploads\/2023\/02\/Sanisoft_521110_38_marineblauw-1.webp","contentUrl":"https:\/\/thuiszorgwinkel.mediabirds.dev\/wp-content\/uploads\/2023\/02\/Sanisoft_521110_38_marineblauw-1.webp","width":400,"height":500},{"@type":"BreadcrumbList","@id":"https:\/\/verbandschoenen.nl\/de\/produkt\/sanisoft\/#breadcrumb","itemListElement":[{"@type":"ListItem","position":1,"name":"Home","item":"https:\/\/verbandschoenen.nl\/de\/"},{"@type":"ListItem","position":2,"name":"Shop","item":"https:\/\/verbandschoenen.nl\/de\/shop\/"},{"@type":"ListItem","position":3,"name":"Sanisoft"}]},{"@type":"WebSite","@id":"https:\/\/thuiszorgwinkel.mediabirds.dev\/#website","url":"https:\/\/thuiszorgwinkel.mediabirds.dev\/","name":"Offici\u00eble website Verbandschoenen","description":"VOOR THERAPIE EN COMFORT","publisher":{"@id":"https:\/\/thuiszorgwinkel.mediabirds.dev\/#organization"},"potentialAction":[{"@type":"SearchAction","target":{"@type":"EntryPoint","urlTemplate":"https:\/\/thuiszorgwinkel.mediabirds.dev\/?s={search_term_string}"},"query-input":"required name=search_term_string"}],"inLanguage":"de-DE"},{"@type":"Organization","@id":"https:\/\/thuiszorgwinkel.mediabirds.dev\/#organization","name":"Offici\u00eble website Verbandschoenen","url":"https:\/\/thuiszorgwinkel.mediabirds.dev\/","logo":{"@type":"ImageObject","inLanguage":"de-DE","@id":"https:\/\/thuiszorgwinkel.mediabirds.dev\/#\/schema\/logo\/image\/","url":"https:\/\/thuiszorgwinkel.mediabirds.dev\/wp-content\/uploads\/2023\/01\/verband-schoenen.svg","contentUrl":"https:\/\/thuiszorgwinkel.mediabirds.dev\/wp-content\/uploads\/2023\/01\/verband-schoenen.svg","caption":"Offici\u00eble website Verbandschoenen"},"image":{"@id":"https:\/\/thuiszorgwinkel.mediabirds.dev\/#\/schema\/logo\/image\/"}}]}},"_links":{"self":[{"href":"https:\/\/thuiszorgwinkel.mediabirds.dev\/de\/wp-json\/wp\/v2\/product\/2736"}],"collection":[{"href":"https:\/\/thuiszorgwinkel.mediabirds.dev\/de\/wp-json\/wp\/v2\/product"}],"about":[{"href":"https:\/\/thuiszorgwinkel.mediabirds.dev\/de\/wp-json\/wp\/v2\/types\/product"}],"replies":[{"embeddable":true,"href":"https:\/\/thuiszorgwinkel.mediabirds.dev\/de\/wp-json\/wp\/v2\/comments?post=2736"}],"wp:featuredmedia":[{"embeddable":true,"href":"https:\/\/thuiszorgwinkel.mediabirds.dev\/de\/wp-json\/wp\/v2\/media\/1023"}],"wp:attachment":[{"href":"https:\/\/thuiszorgwinkel.mediabirds.dev\/de\/wp-json\/wp\/v2\/media?parent=2736"}],"wp:term":[{"taxonomy":"product_cat","embeddable":true,"href":"https:\/\/thuiszorgwinkel.mediabirds.dev\/de\/wp-json\/wp\/v2\/product_cat?post=2736"},{"taxonomy":"product_tag","embeddable":true,"href":"https:\/\/thuiszorgwinkel.mediabirds.dev\/de\/wp-json\/wp\/v2\/product_tag?post=2736"}],"curies":[{"name":"wp","href":"https:\/\/api.w.org\/{rel}","templated":true}]}}