{"id":2414,"date":"2023-02-23T13:24:57","date_gmt":"2023-02-23T13:24:57","guid":{"rendered":"https:\/\/verbandschoenen.local\/product\/sanicabrio-dxl-extra-breed\/"},"modified":"2023-02-24T09:24:49","modified_gmt":"2023-02-24T09:24:49","slug":"sanicabrio-dxl-extra-breed","status":"publish","type":"product","link":"https:\/\/thuiszorgwinkel.mediabirds.dev\/de\/produkt\/sanicabrio-dxl-extra-breed\/","title":{"rendered":"Sanicabrio DXL Extra Breed"},"content":{"rendered":"","protected":false},"excerpt":{"rendered":"<ul>\n<li>Mit weit \u00f6ffnender &#8220;Convertible&#8221;-Verschlusstechnik im Vorfu\u00df und Fersenklettverschluss f\u00fcr leichten Einstieg<\/li>\n<li>Weiche und flexible Passform<\/li>\n<li>Ideal f\u00fcr geschwollene F\u00fc\u00dfe, Hammerzehen, Einlagen<\/li>\n<li>nach Operationen und Gipsverb\u00e4nden und F\u00fc\u00dfen in<\/li>\n<li>Bandagen<\/li>\n<\/ul>\n","protected":false},"featured_media":1029,"comment_status":"open","ping_status":"closed","template":"","meta":{"_acf_changed":false,"inline_featured_image":false},"product_cat":[106],"product_tag":[],"acf":[],"yoast_head":"<!-- This site is optimized with the Yoast SEO plugin v23.2 - https:\/\/yoast.com\/wordpress\/plugins\/seo\/ -->\n<title>Sanicabrio DXL Extra Breed - Offici\u00eble website Verbandschoenen<\/title>\n<meta name=\"robots\" content=\"noindex, follow, max-snippet:-1, max-image-preview:large, max-video-preview:-1\" \/>\n<meta property=\"og:locale\" content=\"de_DE\" \/>\n<meta property=\"og:type\" content=\"article\" \/>\n<meta property=\"og:title\" content=\"Sanicabrio DXL Extra Breed - Offici\u00eble website Verbandschoenen\" \/>\n<meta property=\"og:description\" content=\"Mit weit \u00f6ffnender &quot;Convertible&quot;-Verschlusstechnik im Vorfu\u00df und Fersenklettverschluss f\u00fcr leichten Einstieg  Weiche und flexible Passform  Ideal f\u00fcr geschwollene F\u00fc\u00dfe, Hammerzehen, Einlagen  nach Operationen und Gipsverb\u00e4nden und F\u00fc\u00dfen in  Bandagen\" \/>\n<meta property=\"og:url\" content=\"https:\/\/verbandschoenen.nl\/de\/produkt\/sanicabrio-dxl-extra-breed\/\" \/>\n<meta property=\"og:site_name\" content=\"Offici\u00eble website Verbandschoenen\" \/>\n<meta property=\"article:modified_time\" content=\"2023-02-24T09:24:49+00:00\" \/>\n<meta property=\"og:image\" content=\"https:\/\/verbandschoenen.nl\/wp-content\/uploads\/2023\/02\/Scanicabrio-DXL_510130-38_marineblauw_01.webp\" \/>\n\t<meta property=\"og:image:width\" content=\"400\" \/>\n\t<meta property=\"og:image:height\" content=\"500\" \/>\n\t<meta property=\"og:image:type\" content=\"image\/webp\" \/>\n<meta name=\"twitter:card\" content=\"summary_large_image\" \/>\n<script type=\"application\/ld+json\" class=\"yoast-schema-graph\">{\"@context\":\"https:\/\/schema.org\",\"@graph\":[{\"@type\":\"WebPage\",\"@id\":\"https:\/\/verbandschoenen.nl\/de\/produkt\/sanicabrio-dxl-extra-breed\/\",\"url\":\"https:\/\/verbandschoenen.nl\/de\/produkt\/sanicabrio-dxl-extra-breed\/\",\"name\":\"Sanicabrio DXL Extra Breed - Offici\u00eble website Verbandschoenen\",\"isPartOf\":{\"@id\":\"https:\/\/thuiszorgwinkel.mediabirds.dev\/#website\"},\"primaryImageOfPage\":{\"@id\":\"https:\/\/verbandschoenen.nl\/de\/produkt\/sanicabrio-dxl-extra-breed\/#primaryimage\"},\"image\":{\"@id\":\"https:\/\/verbandschoenen.nl\/de\/produkt\/sanicabrio-dxl-extra-breed\/#primaryimage\"},\"thumbnailUrl\":\"https:\/\/thuiszorgwinkel.mediabirds.dev\/wp-content\/uploads\/2023\/02\/Scanicabrio-DXL_510130-38_marineblauw_01.webp\",\"datePublished\":\"2023-02-23T13:24:57+00:00\",\"dateModified\":\"2023-02-24T09:24:49+00:00\",\"breadcrumb\":{\"@id\":\"https:\/\/verbandschoenen.nl\/de\/produkt\/sanicabrio-dxl-extra-breed\/#breadcrumb\"},\"inLanguage\":\"de-DE\",\"potentialAction\":[{\"@type\":\"ReadAction\",\"target\":[\"https:\/\/verbandschoenen.nl\/de\/produkt\/sanicabrio-dxl-extra-breed\/\"]}]},{\"@type\":\"ImageObject\",\"inLanguage\":\"de-DE\",\"@id\":\"https:\/\/verbandschoenen.nl\/de\/produkt\/sanicabrio-dxl-extra-breed\/#primaryimage\",\"url\":\"https:\/\/thuiszorgwinkel.mediabirds.dev\/wp-content\/uploads\/2023\/02\/Scanicabrio-DXL_510130-38_marineblauw_01.webp\",\"contentUrl\":\"https:\/\/thuiszorgwinkel.mediabirds.dev\/wp-content\/uploads\/2023\/02\/Scanicabrio-DXL_510130-38_marineblauw_01.webp\",\"width\":400,\"height\":500},{\"@type\":\"BreadcrumbList\",\"@id\":\"https:\/\/verbandschoenen.nl\/de\/produkt\/sanicabrio-dxl-extra-breed\/#breadcrumb\",\"itemListElement\":[{\"@type\":\"ListItem\",\"position\":1,\"name\":\"Home\",\"item\":\"https:\/\/verbandschoenen.nl\/de\/\"},{\"@type\":\"ListItem\",\"position\":2,\"name\":\"Shop\",\"item\":\"https:\/\/verbandschoenen.nl\/de\/shop\/\"},{\"@type\":\"ListItem\",\"position\":3,\"name\":\"Sanicabrio DXL Extra Breed\"}]},{\"@type\":\"WebSite\",\"@id\":\"https:\/\/thuiszorgwinkel.mediabirds.dev\/#website\",\"url\":\"https:\/\/thuiszorgwinkel.mediabirds.dev\/\",\"name\":\"Offici\u00eble website Verbandschoenen\",\"description\":\"VOOR THERAPIE EN COMFORT\",\"publisher\":{\"@id\":\"https:\/\/thuiszorgwinkel.mediabirds.dev\/#organization\"},\"potentialAction\":[{\"@type\":\"SearchAction\",\"target\":{\"@type\":\"EntryPoint\",\"urlTemplate\":\"https:\/\/thuiszorgwinkel.mediabirds.dev\/?s={search_term_string}\"},\"query-input\":\"required name=search_term_string\"}],\"inLanguage\":\"de-DE\"},{\"@type\":\"Organization\",\"@id\":\"https:\/\/thuiszorgwinkel.mediabirds.dev\/#organization\",\"name\":\"Offici\u00eble website Verbandschoenen\",\"url\":\"https:\/\/thuiszorgwinkel.mediabirds.dev\/\",\"logo\":{\"@type\":\"ImageObject\",\"inLanguage\":\"de-DE\",\"@id\":\"https:\/\/thuiszorgwinkel.mediabirds.dev\/#\/schema\/logo\/image\/\",\"url\":\"https:\/\/thuiszorgwinkel.mediabirds.dev\/wp-content\/uploads\/2023\/01\/verband-schoenen.svg\",\"contentUrl\":\"https:\/\/thuiszorgwinkel.mediabirds.dev\/wp-content\/uploads\/2023\/01\/verband-schoenen.svg\",\"caption\":\"Offici\u00eble website Verbandschoenen\"},\"image\":{\"@id\":\"https:\/\/thuiszorgwinkel.mediabirds.dev\/#\/schema\/logo\/image\/\"}}]}<\/script>\n<!-- \/ Yoast SEO plugin. -->","yoast_head_json":{"title":"Sanicabrio DXL Extra Breed - Offici\u00eble website Verbandschoenen","robots":{"index":"noindex","follow":"follow","max-snippet":"max-snippet:-1","max-image-preview":"max-image-preview:large","max-video-preview":"max-video-preview:-1"},"og_locale":"de_DE","og_type":"article","og_title":"Sanicabrio DXL Extra Breed - Offici\u00eble website Verbandschoenen","og_description":"Mit weit \u00f6ffnender \"Convertible\"-Verschlusstechnik im Vorfu\u00df und Fersenklettverschluss f\u00fcr leichten Einstieg  Weiche und flexible Passform  Ideal f\u00fcr geschwollene F\u00fc\u00dfe, Hammerzehen, Einlagen  nach Operationen und Gipsverb\u00e4nden und F\u00fc\u00dfen in  Bandagen","og_url":"https:\/\/verbandschoenen.nl\/de\/produkt\/sanicabrio-dxl-extra-breed\/","og_site_name":"Offici\u00eble website Verbandschoenen","article_modified_time":"2023-02-24T09:24:49+00:00","og_image":[{"width":400,"height":500,"url":"https:\/\/verbandschoenen.nl\/wp-content\/uploads\/2023\/02\/Scanicabrio-DXL_510130-38_marineblauw_01.webp","type":"image\/webp"}],"twitter_card":"summary_large_image","schema":{"@context":"https:\/\/schema.org","@graph":[{"@type":"WebPage","@id":"https:\/\/verbandschoenen.nl\/de\/produkt\/sanicabrio-dxl-extra-breed\/","url":"https:\/\/verbandschoenen.nl\/de\/produkt\/sanicabrio-dxl-extra-breed\/","name":"Sanicabrio DXL Extra Breed - Offici\u00eble website Verbandschoenen","isPartOf":{"@id":"https:\/\/thuiszorgwinkel.mediabirds.dev\/#website"},"primaryImageOfPage":{"@id":"https:\/\/verbandschoenen.nl\/de\/produkt\/sanicabrio-dxl-extra-breed\/#primaryimage"},"image":{"@id":"https:\/\/verbandschoenen.nl\/de\/produkt\/sanicabrio-dxl-extra-breed\/#primaryimage"},"thumbnailUrl":"https:\/\/thuiszorgwinkel.mediabirds.dev\/wp-content\/uploads\/2023\/02\/Scanicabrio-DXL_510130-38_marineblauw_01.webp","datePublished":"2023-02-23T13:24:57+00:00","dateModified":"2023-02-24T09:24:49+00:00","breadcrumb":{"@id":"https:\/\/verbandschoenen.nl\/de\/produkt\/sanicabrio-dxl-extra-breed\/#breadcrumb"},"inLanguage":"de-DE","potentialAction":[{"@type":"ReadAction","target":["https:\/\/verbandschoenen.nl\/de\/produkt\/sanicabrio-dxl-extra-breed\/"]}]},{"@type":"ImageObject","inLanguage":"de-DE","@id":"https:\/\/verbandschoenen.nl\/de\/produkt\/sanicabrio-dxl-extra-breed\/#primaryimage","url":"https:\/\/thuiszorgwinkel.mediabirds.dev\/wp-content\/uploads\/2023\/02\/Scanicabrio-DXL_510130-38_marineblauw_01.webp","contentUrl":"https:\/\/thuiszorgwinkel.mediabirds.dev\/wp-content\/uploads\/2023\/02\/Scanicabrio-DXL_510130-38_marineblauw_01.webp","width":400,"height":500},{"@type":"BreadcrumbList","@id":"https:\/\/verbandschoenen.nl\/de\/produkt\/sanicabrio-dxl-extra-breed\/#breadcrumb","itemListElement":[{"@type":"ListItem","position":1,"name":"Home","item":"https:\/\/verbandschoenen.nl\/de\/"},{"@type":"ListItem","position":2,"name":"Shop","item":"https:\/\/verbandschoenen.nl\/de\/shop\/"},{"@type":"ListItem","position":3,"name":"Sanicabrio DXL Extra Breed"}]},{"@type":"WebSite","@id":"https:\/\/thuiszorgwinkel.mediabirds.dev\/#website","url":"https:\/\/thuiszorgwinkel.mediabirds.dev\/","name":"Offici\u00eble website Verbandschoenen","description":"VOOR THERAPIE EN COMFORT","publisher":{"@id":"https:\/\/thuiszorgwinkel.mediabirds.dev\/#organization"},"potentialAction":[{"@type":"SearchAction","target":{"@type":"EntryPoint","urlTemplate":"https:\/\/thuiszorgwinkel.mediabirds.dev\/?s={search_term_string}"},"query-input":"required name=search_term_string"}],"inLanguage":"de-DE"},{"@type":"Organization","@id":"https:\/\/thuiszorgwinkel.mediabirds.dev\/#organization","name":"Offici\u00eble website Verbandschoenen","url":"https:\/\/thuiszorgwinkel.mediabirds.dev\/","logo":{"@type":"ImageObject","inLanguage":"de-DE","@id":"https:\/\/thuiszorgwinkel.mediabirds.dev\/#\/schema\/logo\/image\/","url":"https:\/\/thuiszorgwinkel.mediabirds.dev\/wp-content\/uploads\/2023\/01\/verband-schoenen.svg","contentUrl":"https:\/\/thuiszorgwinkel.mediabirds.dev\/wp-content\/uploads\/2023\/01\/verband-schoenen.svg","caption":"Offici\u00eble website Verbandschoenen"},"image":{"@id":"https:\/\/thuiszorgwinkel.mediabirds.dev\/#\/schema\/logo\/image\/"}}]}},"_links":{"self":[{"href":"https:\/\/thuiszorgwinkel.mediabirds.dev\/de\/wp-json\/wp\/v2\/product\/2414"}],"collection":[{"href":"https:\/\/thuiszorgwinkel.mediabirds.dev\/de\/wp-json\/wp\/v2\/product"}],"about":[{"href":"https:\/\/thuiszorgwinkel.mediabirds.dev\/de\/wp-json\/wp\/v2\/types\/product"}],"replies":[{"embeddable":true,"href":"https:\/\/thuiszorgwinkel.mediabirds.dev\/de\/wp-json\/wp\/v2\/comments?post=2414"}],"wp:featuredmedia":[{"embeddable":true,"href":"https:\/\/thuiszorgwinkel.mediabirds.dev\/de\/wp-json\/wp\/v2\/media\/1029"}],"wp:attachment":[{"href":"https:\/\/thuiszorgwinkel.mediabirds.dev\/de\/wp-json\/wp\/v2\/media?parent=2414"}],"wp:term":[{"taxonomy":"product_cat","embeddable":true,"href":"https:\/\/thuiszorgwinkel.mediabirds.dev\/de\/wp-json\/wp\/v2\/product_cat?post=2414"},{"taxonomy":"product_tag","embeddable":true,"href":"https:\/\/thuiszorgwinkel.mediabirds.dev\/de\/wp-json\/wp\/v2\/product_tag?post=2414"}],"curies":[{"name":"wp","href":"https:\/\/api.w.org\/{rel}","templated":true}]}}