{"id":1970,"date":"2023-02-23T14:44:08","date_gmt":"2023-02-23T14:44:08","guid":{"rendered":"https:\/\/verbandschoenen.local\/product\/pedibelle-eleine-zwart\/"},"modified":"2023-02-24T08:41:56","modified_gmt":"2023-02-24T08:41:56","slug":"pedibelle-eleine-zwart","status":"publish","type":"product","link":"https:\/\/thuiszorgwinkel.mediabirds.dev\/de\/produkt\/pedibelle-eleine-zwart\/","title":{"rendered":"Pedibelle Eleine zwart"},"content":{"rendered":"","protected":false},"excerpt":{"rendered":"<ul>\n<li>Bequemer Schuh f\u00fcr drinnen und drau\u00dfen<\/li>\n<li>Bequem, kuschelig weich, angenehm zu tragen<\/li>\n<li>Weit \u00f6ffnender, schnell anziehender Schuh mit Easy-Fit-System mit 1 Klettverschluss<\/li>\n<li>Rutschfeste &#8220;Vita&#8221;-Laufsohle mit durchgehendem Steg f\u00fcr sicheres Gehen und Stehen<\/li>\n<li>Perfekter Fersensitz durch integrierte Fersenkappe<\/li>\n<li>Femininer Absatz zur Entlastung der Achillessehne<\/li>\n<li>20\u00b0 abgeschr\u00e4gte Ferse f\u00fcr ideales Abrollen<\/li>\n<li>Sohle mit zylindrischen Vertiefungen von der Zehe bis zur Ferse f\u00fcr beste D\u00e4mpfung<\/li>\n<\/ul>\n","protected":false},"featured_media":866,"comment_status":"open","ping_status":"closed","template":"","meta":{"_acf_changed":false,"inline_featured_image":false},"product_cat":[106],"product_tag":[],"acf":[],"yoast_head":"<!-- This site is optimized with the Yoast SEO plugin v23.2 - https:\/\/yoast.com\/wordpress\/plugins\/seo\/ -->\n<title>Pedibelle Eleine zwart - Offici\u00eble website Verbandschoenen<\/title>\n<meta name=\"robots\" content=\"noindex, follow, max-snippet:-1, max-image-preview:large, max-video-preview:-1\" \/>\n<meta property=\"og:locale\" content=\"de_DE\" \/>\n<meta property=\"og:type\" content=\"article\" \/>\n<meta property=\"og:title\" content=\"Pedibelle Eleine zwart - Offici\u00eble website Verbandschoenen\" \/>\n<meta property=\"og:description\" content=\"Bequemer Schuh f\u00fcr drinnen und drau\u00dfen  Bequem, kuschelig weich, angenehm zu tragen  Weit \u00f6ffnender, schnell anziehender Schuh mit Easy-Fit-System mit 1 Klettverschluss  Rutschfeste &quot;Vita&quot;-Laufsohle mit durchgehendem Steg f\u00fcr sicheres Gehen und Stehen  Perfekter Fersensitz durch integrierte Fersenkappe  Femininer Absatz zur Entlastung der Achillessehne  20\u00b0 abgeschr\u00e4gte Ferse f\u00fcr ideales Abrollen  Sohle mit zylindrischen Vertiefungen von der Zehe bis zur Ferse f\u00fcr beste D\u00e4mpfung\" \/>\n<meta property=\"og:url\" content=\"https:\/\/verbandschoenen.nl\/de\/produkt\/pedibelle-eleine-zwart\/\" \/>\n<meta property=\"og:site_name\" content=\"Offici\u00eble website Verbandschoenen\" \/>\n<meta property=\"article:modified_time\" content=\"2023-02-24T08:41:56+00:00\" \/>\n<meta property=\"og:image\" content=\"https:\/\/verbandschoenen.nl\/wp-content\/uploads\/2023\/01\/ABB.png\" \/>\n\t<meta property=\"og:image:width\" content=\"400\" \/>\n\t<meta property=\"og:image:height\" content=\"500\" \/>\n\t<meta property=\"og:image:type\" content=\"image\/png\" \/>\n<meta name=\"twitter:card\" content=\"summary_large_image\" \/>\n<script type=\"application\/ld+json\" class=\"yoast-schema-graph\">{\"@context\":\"https:\/\/schema.org\",\"@graph\":[{\"@type\":\"WebPage\",\"@id\":\"https:\/\/verbandschoenen.nl\/de\/produkt\/pedibelle-eleine-zwart\/\",\"url\":\"https:\/\/verbandschoenen.nl\/de\/produkt\/pedibelle-eleine-zwart\/\",\"name\":\"Pedibelle Eleine zwart - Offici\u00eble website Verbandschoenen\",\"isPartOf\":{\"@id\":\"https:\/\/thuiszorgwinkel.mediabirds.dev\/#website\"},\"primaryImageOfPage\":{\"@id\":\"https:\/\/verbandschoenen.nl\/de\/produkt\/pedibelle-eleine-zwart\/#primaryimage\"},\"image\":{\"@id\":\"https:\/\/verbandschoenen.nl\/de\/produkt\/pedibelle-eleine-zwart\/#primaryimage\"},\"thumbnailUrl\":\"https:\/\/thuiszorgwinkel.mediabirds.dev\/wp-content\/uploads\/2023\/01\/ABB.png\",\"datePublished\":\"2023-02-23T14:44:08+00:00\",\"dateModified\":\"2023-02-24T08:41:56+00:00\",\"breadcrumb\":{\"@id\":\"https:\/\/verbandschoenen.nl\/de\/produkt\/pedibelle-eleine-zwart\/#breadcrumb\"},\"inLanguage\":\"de-DE\",\"potentialAction\":[{\"@type\":\"ReadAction\",\"target\":[\"https:\/\/verbandschoenen.nl\/de\/produkt\/pedibelle-eleine-zwart\/\"]}]},{\"@type\":\"ImageObject\",\"inLanguage\":\"de-DE\",\"@id\":\"https:\/\/verbandschoenen.nl\/de\/produkt\/pedibelle-eleine-zwart\/#primaryimage\",\"url\":\"https:\/\/thuiszorgwinkel.mediabirds.dev\/wp-content\/uploads\/2023\/01\/ABB.png\",\"contentUrl\":\"https:\/\/thuiszorgwinkel.mediabirds.dev\/wp-content\/uploads\/2023\/01\/ABB.png\",\"width\":400,\"height\":500},{\"@type\":\"BreadcrumbList\",\"@id\":\"https:\/\/verbandschoenen.nl\/de\/produkt\/pedibelle-eleine-zwart\/#breadcrumb\",\"itemListElement\":[{\"@type\":\"ListItem\",\"position\":1,\"name\":\"Home\",\"item\":\"https:\/\/verbandschoenen.nl\/de\/\"},{\"@type\":\"ListItem\",\"position\":2,\"name\":\"Shop\",\"item\":\"https:\/\/verbandschoenen.nl\/de\/shop\/\"},{\"@type\":\"ListItem\",\"position\":3,\"name\":\"Pedibelle Eleine zwart\"}]},{\"@type\":\"WebSite\",\"@id\":\"https:\/\/thuiszorgwinkel.mediabirds.dev\/#website\",\"url\":\"https:\/\/thuiszorgwinkel.mediabirds.dev\/\",\"name\":\"Offici\u00eble website Verbandschoenen\",\"description\":\"VOOR THERAPIE EN COMFORT\",\"publisher\":{\"@id\":\"https:\/\/thuiszorgwinkel.mediabirds.dev\/#organization\"},\"potentialAction\":[{\"@type\":\"SearchAction\",\"target\":{\"@type\":\"EntryPoint\",\"urlTemplate\":\"https:\/\/thuiszorgwinkel.mediabirds.dev\/?s={search_term_string}\"},\"query-input\":\"required name=search_term_string\"}],\"inLanguage\":\"de-DE\"},{\"@type\":\"Organization\",\"@id\":\"https:\/\/thuiszorgwinkel.mediabirds.dev\/#organization\",\"name\":\"Offici\u00eble website Verbandschoenen\",\"url\":\"https:\/\/thuiszorgwinkel.mediabirds.dev\/\",\"logo\":{\"@type\":\"ImageObject\",\"inLanguage\":\"de-DE\",\"@id\":\"https:\/\/thuiszorgwinkel.mediabirds.dev\/#\/schema\/logo\/image\/\",\"url\":\"https:\/\/thuiszorgwinkel.mediabirds.dev\/wp-content\/uploads\/2023\/01\/verband-schoenen.svg\",\"contentUrl\":\"https:\/\/thuiszorgwinkel.mediabirds.dev\/wp-content\/uploads\/2023\/01\/verband-schoenen.svg\",\"caption\":\"Offici\u00eble website Verbandschoenen\"},\"image\":{\"@id\":\"https:\/\/thuiszorgwinkel.mediabirds.dev\/#\/schema\/logo\/image\/\"}}]}<\/script>\n<!-- \/ Yoast SEO plugin. -->","yoast_head_json":{"title":"Pedibelle Eleine zwart - Offici\u00eble website Verbandschoenen","robots":{"index":"noindex","follow":"follow","max-snippet":"max-snippet:-1","max-image-preview":"max-image-preview:large","max-video-preview":"max-video-preview:-1"},"og_locale":"de_DE","og_type":"article","og_title":"Pedibelle Eleine zwart - Offici\u00eble website Verbandschoenen","og_description":"Bequemer Schuh f\u00fcr drinnen und drau\u00dfen  Bequem, kuschelig weich, angenehm zu tragen  Weit \u00f6ffnender, schnell anziehender Schuh mit Easy-Fit-System mit 1 Klettverschluss  Rutschfeste \"Vita\"-Laufsohle mit durchgehendem Steg f\u00fcr sicheres Gehen und Stehen  Perfekter Fersensitz durch integrierte Fersenkappe  Femininer Absatz zur Entlastung der Achillessehne  20\u00b0 abgeschr\u00e4gte Ferse f\u00fcr ideales Abrollen  Sohle mit zylindrischen Vertiefungen von der Zehe bis zur Ferse f\u00fcr beste D\u00e4mpfung","og_url":"https:\/\/verbandschoenen.nl\/de\/produkt\/pedibelle-eleine-zwart\/","og_site_name":"Offici\u00eble website Verbandschoenen","article_modified_time":"2023-02-24T08:41:56+00:00","og_image":[{"width":400,"height":500,"url":"https:\/\/verbandschoenen.nl\/wp-content\/uploads\/2023\/01\/ABB.png","type":"image\/png"}],"twitter_card":"summary_large_image","schema":{"@context":"https:\/\/schema.org","@graph":[{"@type":"WebPage","@id":"https:\/\/verbandschoenen.nl\/de\/produkt\/pedibelle-eleine-zwart\/","url":"https:\/\/verbandschoenen.nl\/de\/produkt\/pedibelle-eleine-zwart\/","name":"Pedibelle Eleine zwart - Offici\u00eble website Verbandschoenen","isPartOf":{"@id":"https:\/\/thuiszorgwinkel.mediabirds.dev\/#website"},"primaryImageOfPage":{"@id":"https:\/\/verbandschoenen.nl\/de\/produkt\/pedibelle-eleine-zwart\/#primaryimage"},"image":{"@id":"https:\/\/verbandschoenen.nl\/de\/produkt\/pedibelle-eleine-zwart\/#primaryimage"},"thumbnailUrl":"https:\/\/thuiszorgwinkel.mediabirds.dev\/wp-content\/uploads\/2023\/01\/ABB.png","datePublished":"2023-02-23T14:44:08+00:00","dateModified":"2023-02-24T08:41:56+00:00","breadcrumb":{"@id":"https:\/\/verbandschoenen.nl\/de\/produkt\/pedibelle-eleine-zwart\/#breadcrumb"},"inLanguage":"de-DE","potentialAction":[{"@type":"ReadAction","target":["https:\/\/verbandschoenen.nl\/de\/produkt\/pedibelle-eleine-zwart\/"]}]},{"@type":"ImageObject","inLanguage":"de-DE","@id":"https:\/\/verbandschoenen.nl\/de\/produkt\/pedibelle-eleine-zwart\/#primaryimage","url":"https:\/\/thuiszorgwinkel.mediabirds.dev\/wp-content\/uploads\/2023\/01\/ABB.png","contentUrl":"https:\/\/thuiszorgwinkel.mediabirds.dev\/wp-content\/uploads\/2023\/01\/ABB.png","width":400,"height":500},{"@type":"BreadcrumbList","@id":"https:\/\/verbandschoenen.nl\/de\/produkt\/pedibelle-eleine-zwart\/#breadcrumb","itemListElement":[{"@type":"ListItem","position":1,"name":"Home","item":"https:\/\/verbandschoenen.nl\/de\/"},{"@type":"ListItem","position":2,"name":"Shop","item":"https:\/\/verbandschoenen.nl\/de\/shop\/"},{"@type":"ListItem","position":3,"name":"Pedibelle Eleine zwart"}]},{"@type":"WebSite","@id":"https:\/\/thuiszorgwinkel.mediabirds.dev\/#website","url":"https:\/\/thuiszorgwinkel.mediabirds.dev\/","name":"Offici\u00eble website Verbandschoenen","description":"VOOR THERAPIE EN COMFORT","publisher":{"@id":"https:\/\/thuiszorgwinkel.mediabirds.dev\/#organization"},"potentialAction":[{"@type":"SearchAction","target":{"@type":"EntryPoint","urlTemplate":"https:\/\/thuiszorgwinkel.mediabirds.dev\/?s={search_term_string}"},"query-input":"required name=search_term_string"}],"inLanguage":"de-DE"},{"@type":"Organization","@id":"https:\/\/thuiszorgwinkel.mediabirds.dev\/#organization","name":"Offici\u00eble website Verbandschoenen","url":"https:\/\/thuiszorgwinkel.mediabirds.dev\/","logo":{"@type":"ImageObject","inLanguage":"de-DE","@id":"https:\/\/thuiszorgwinkel.mediabirds.dev\/#\/schema\/logo\/image\/","url":"https:\/\/thuiszorgwinkel.mediabirds.dev\/wp-content\/uploads\/2023\/01\/verband-schoenen.svg","contentUrl":"https:\/\/thuiszorgwinkel.mediabirds.dev\/wp-content\/uploads\/2023\/01\/verband-schoenen.svg","caption":"Offici\u00eble website Verbandschoenen"},"image":{"@id":"https:\/\/thuiszorgwinkel.mediabirds.dev\/#\/schema\/logo\/image\/"}}]}},"_links":{"self":[{"href":"https:\/\/thuiszorgwinkel.mediabirds.dev\/de\/wp-json\/wp\/v2\/product\/1970"}],"collection":[{"href":"https:\/\/thuiszorgwinkel.mediabirds.dev\/de\/wp-json\/wp\/v2\/product"}],"about":[{"href":"https:\/\/thuiszorgwinkel.mediabirds.dev\/de\/wp-json\/wp\/v2\/types\/product"}],"replies":[{"embeddable":true,"href":"https:\/\/thuiszorgwinkel.mediabirds.dev\/de\/wp-json\/wp\/v2\/comments?post=1970"}],"wp:featuredmedia":[{"embeddable":true,"href":"https:\/\/thuiszorgwinkel.mediabirds.dev\/de\/wp-json\/wp\/v2\/media\/866"}],"wp:attachment":[{"href":"https:\/\/thuiszorgwinkel.mediabirds.dev\/de\/wp-json\/wp\/v2\/media?parent=1970"}],"wp:term":[{"taxonomy":"product_cat","embeddable":true,"href":"https:\/\/thuiszorgwinkel.mediabirds.dev\/de\/wp-json\/wp\/v2\/product_cat?post=1970"},{"taxonomy":"product_tag","embeddable":true,"href":"https:\/\/thuiszorgwinkel.mediabirds.dev\/de\/wp-json\/wp\/v2\/product_tag?post=1970"}],"curies":[{"name":"wp","href":"https:\/\/api.w.org\/{rel}","templated":true}]}}