{"id":2778,"date":"2023-02-14T10:45:57","date_gmt":"2023-02-14T10:45:57","guid":{"rendered":"https:\/\/verbandschoenen.local\/verbandschoenen-bij-opgezetten-voeten\/"},"modified":"2023-03-02T07:09:52","modified_gmt":"2023-03-02T07:09:52","slug":"verbandsschuhe-fuer-geschwollene-fuesse","status":"publish","type":"page","link":"https:\/\/thuiszorgwinkel.mediabirds.dev\/de\/verbandsschuhe-fuer-geschwollene-fuesse\/","title":{"rendered":"Verbandsschuhe f\u00fcr geschwollene F\u00fc\u00dfe"},"content":{"rendered":"","protected":false},"excerpt":{"rendered":"","protected":false},"author":1,"featured_media":0,"parent":0,"menu_order":0,"comment_status":"closed","ping_status":"closed","template":"templates\/landingspage.php","meta":{"_acf_changed":false,"inline_featured_image":false,"footnotes":""},"acf":[],"yoast_head":"<!-- This site is optimized with the Yoast SEO plugin v23.2 - https:\/\/yoast.com\/wordpress\/plugins\/seo\/ -->\n<title>Verbandsschuhe f\u00fcr geschwollene F\u00fc\u00dfe - Offici\u00eble website Verbandschoenen<\/title>\n<meta name=\"description\" content=\"Jeder leidet von Zeit zu Zeit unter geschwollenen F\u00fc\u00dfen. Mit zunehmendem Alter sammelt sich die Fl\u00fcssigkeit in den F\u00fc\u00dfen an, sei es aufgrund von Durchblutungsst\u00f6rungen, der Einnahme bestimmter Medikamente oder als Nebenwirkung einer Krankheit oder eines Symptoms.\" \/>\n<meta name=\"robots\" content=\"noindex, follow, max-snippet:-1, max-image-preview:large, max-video-preview:-1\" \/>\n<meta property=\"og:locale\" content=\"de_DE\" \/>\n<meta property=\"og:type\" content=\"article\" \/>\n<meta property=\"og:title\" content=\"Verbandsschuhe f\u00fcr geschwollene F\u00fc\u00dfe - Offici\u00eble website Verbandschoenen\" \/>\n<meta property=\"og:description\" content=\"Jeder leidet von Zeit zu Zeit unter geschwollenen F\u00fc\u00dfen. Mit zunehmendem Alter sammelt sich die Fl\u00fcssigkeit in den F\u00fc\u00dfen an, sei es aufgrund von Durchblutungsst\u00f6rungen, der Einnahme bestimmter Medikamente oder als Nebenwirkung einer Krankheit oder eines Symptoms.\" \/>\n<meta property=\"og:url\" content=\"https:\/\/verbandschoenen.nl\/de\/verbandsschuhe-fuer-geschwollene-fuesse\/\" \/>\n<meta property=\"og:site_name\" content=\"Offici\u00eble website Verbandschoenen\" \/>\n<meta property=\"article:modified_time\" content=\"2023-03-02T07:09:52+00:00\" \/>\n<meta name=\"twitter:card\" content=\"summary_large_image\" \/>\n<script type=\"application\/ld+json\" class=\"yoast-schema-graph\">{\"@context\":\"https:\/\/schema.org\",\"@graph\":[{\"@type\":\"WebPage\",\"@id\":\"https:\/\/verbandschoenen.nl\/de\/verbandsschuhe-fuer-geschwollene-fuesse\/\",\"url\":\"https:\/\/verbandschoenen.nl\/de\/verbandsschuhe-fuer-geschwollene-fuesse\/\",\"name\":\"Verbandsschuhe f\u00fcr geschwollene F\u00fc\u00dfe - Offici\u00eble website Verbandschoenen\",\"isPartOf\":{\"@id\":\"https:\/\/thuiszorgwinkel.mediabirds.dev\/#website\"},\"datePublished\":\"2023-02-14T10:45:57+00:00\",\"dateModified\":\"2023-03-02T07:09:52+00:00\",\"description\":\"Jeder leidet von Zeit zu Zeit unter geschwollenen F\u00fc\u00dfen. Mit zunehmendem Alter sammelt sich die Fl\u00fcssigkeit in den F\u00fc\u00dfen an, sei es aufgrund von Durchblutungsst\u00f6rungen, der Einnahme bestimmter Medikamente oder als Nebenwirkung einer Krankheit oder eines Symptoms.\",\"breadcrumb\":{\"@id\":\"https:\/\/verbandschoenen.nl\/de\/verbandsschuhe-fuer-geschwollene-fuesse\/#breadcrumb\"},\"inLanguage\":\"de-DE\",\"potentialAction\":[{\"@type\":\"ReadAction\",\"target\":[\"https:\/\/verbandschoenen.nl\/de\/verbandsschuhe-fuer-geschwollene-fuesse\/\"]}]},{\"@type\":\"BreadcrumbList\",\"@id\":\"https:\/\/verbandschoenen.nl\/de\/verbandsschuhe-fuer-geschwollene-fuesse\/#breadcrumb\",\"itemListElement\":[{\"@type\":\"ListItem\",\"position\":1,\"name\":\"Home\",\"item\":\"https:\/\/verbandschoenen.nl\/de\/\"},{\"@type\":\"ListItem\",\"position\":2,\"name\":\"Verbandsschuhe f\u00fcr geschwollene F\u00fc\u00dfe\"}]},{\"@type\":\"WebSite\",\"@id\":\"https:\/\/thuiszorgwinkel.mediabirds.dev\/#website\",\"url\":\"https:\/\/thuiszorgwinkel.mediabirds.dev\/\",\"name\":\"Offici\u00eble website Verbandschoenen\",\"description\":\"VOOR THERAPIE EN COMFORT\",\"publisher\":{\"@id\":\"https:\/\/thuiszorgwinkel.mediabirds.dev\/#organization\"},\"potentialAction\":[{\"@type\":\"SearchAction\",\"target\":{\"@type\":\"EntryPoint\",\"urlTemplate\":\"https:\/\/thuiszorgwinkel.mediabirds.dev\/?s={search_term_string}\"},\"query-input\":\"required name=search_term_string\"}],\"inLanguage\":\"de-DE\"},{\"@type\":\"Organization\",\"@id\":\"https:\/\/thuiszorgwinkel.mediabirds.dev\/#organization\",\"name\":\"Offici\u00eble website Verbandschoenen\",\"url\":\"https:\/\/thuiszorgwinkel.mediabirds.dev\/\",\"logo\":{\"@type\":\"ImageObject\",\"inLanguage\":\"de-DE\",\"@id\":\"https:\/\/thuiszorgwinkel.mediabirds.dev\/#\/schema\/logo\/image\/\",\"url\":\"https:\/\/thuiszorgwinkel.mediabirds.dev\/wp-content\/uploads\/2023\/01\/verband-schoenen.svg\",\"contentUrl\":\"https:\/\/thuiszorgwinkel.mediabirds.dev\/wp-content\/uploads\/2023\/01\/verband-schoenen.svg\",\"caption\":\"Offici\u00eble website Verbandschoenen\"},\"image\":{\"@id\":\"https:\/\/thuiszorgwinkel.mediabirds.dev\/#\/schema\/logo\/image\/\"}}]}<\/script>\n<!-- \/ Yoast SEO plugin. -->","yoast_head_json":{"title":"Verbandsschuhe f\u00fcr geschwollene F\u00fc\u00dfe - Offici\u00eble website Verbandschoenen","description":"Jeder leidet von Zeit zu Zeit unter geschwollenen F\u00fc\u00dfen. Mit zunehmendem Alter sammelt sich die Fl\u00fcssigkeit in den F\u00fc\u00dfen an, sei es aufgrund von Durchblutungsst\u00f6rungen, der Einnahme bestimmter Medikamente oder als Nebenwirkung einer Krankheit oder eines Symptoms.","robots":{"index":"noindex","follow":"follow","max-snippet":"max-snippet:-1","max-image-preview":"max-image-preview:large","max-video-preview":"max-video-preview:-1"},"og_locale":"de_DE","og_type":"article","og_title":"Verbandsschuhe f\u00fcr geschwollene F\u00fc\u00dfe - Offici\u00eble website Verbandschoenen","og_description":"Jeder leidet von Zeit zu Zeit unter geschwollenen F\u00fc\u00dfen. Mit zunehmendem Alter sammelt sich die Fl\u00fcssigkeit in den F\u00fc\u00dfen an, sei es aufgrund von Durchblutungsst\u00f6rungen, der Einnahme bestimmter Medikamente oder als Nebenwirkung einer Krankheit oder eines Symptoms.","og_url":"https:\/\/verbandschoenen.nl\/de\/verbandsschuhe-fuer-geschwollene-fuesse\/","og_site_name":"Offici\u00eble website Verbandschoenen","article_modified_time":"2023-03-02T07:09:52+00:00","twitter_card":"summary_large_image","schema":{"@context":"https:\/\/schema.org","@graph":[{"@type":"WebPage","@id":"https:\/\/verbandschoenen.nl\/de\/verbandsschuhe-fuer-geschwollene-fuesse\/","url":"https:\/\/verbandschoenen.nl\/de\/verbandsschuhe-fuer-geschwollene-fuesse\/","name":"Verbandsschuhe f\u00fcr geschwollene F\u00fc\u00dfe - Offici\u00eble website Verbandschoenen","isPartOf":{"@id":"https:\/\/thuiszorgwinkel.mediabirds.dev\/#website"},"datePublished":"2023-02-14T10:45:57+00:00","dateModified":"2023-03-02T07:09:52+00:00","description":"Jeder leidet von Zeit zu Zeit unter geschwollenen F\u00fc\u00dfen. Mit zunehmendem Alter sammelt sich die Fl\u00fcssigkeit in den F\u00fc\u00dfen an, sei es aufgrund von Durchblutungsst\u00f6rungen, der Einnahme bestimmter Medikamente oder als Nebenwirkung einer Krankheit oder eines Symptoms.","breadcrumb":{"@id":"https:\/\/verbandschoenen.nl\/de\/verbandsschuhe-fuer-geschwollene-fuesse\/#breadcrumb"},"inLanguage":"de-DE","potentialAction":[{"@type":"ReadAction","target":["https:\/\/verbandschoenen.nl\/de\/verbandsschuhe-fuer-geschwollene-fuesse\/"]}]},{"@type":"BreadcrumbList","@id":"https:\/\/verbandschoenen.nl\/de\/verbandsschuhe-fuer-geschwollene-fuesse\/#breadcrumb","itemListElement":[{"@type":"ListItem","position":1,"name":"Home","item":"https:\/\/verbandschoenen.nl\/de\/"},{"@type":"ListItem","position":2,"name":"Verbandsschuhe f\u00fcr geschwollene F\u00fc\u00dfe"}]},{"@type":"WebSite","@id":"https:\/\/thuiszorgwinkel.mediabirds.dev\/#website","url":"https:\/\/thuiszorgwinkel.mediabirds.dev\/","name":"Offici\u00eble website Verbandschoenen","description":"VOOR THERAPIE EN COMFORT","publisher":{"@id":"https:\/\/thuiszorgwinkel.mediabirds.dev\/#organization"},"potentialAction":[{"@type":"SearchAction","target":{"@type":"EntryPoint","urlTemplate":"https:\/\/thuiszorgwinkel.mediabirds.dev\/?s={search_term_string}"},"query-input":"required name=search_term_string"}],"inLanguage":"de-DE"},{"@type":"Organization","@id":"https:\/\/thuiszorgwinkel.mediabirds.dev\/#organization","name":"Offici\u00eble website Verbandschoenen","url":"https:\/\/thuiszorgwinkel.mediabirds.dev\/","logo":{"@type":"ImageObject","inLanguage":"de-DE","@id":"https:\/\/thuiszorgwinkel.mediabirds.dev\/#\/schema\/logo\/image\/","url":"https:\/\/thuiszorgwinkel.mediabirds.dev\/wp-content\/uploads\/2023\/01\/verband-schoenen.svg","contentUrl":"https:\/\/thuiszorgwinkel.mediabirds.dev\/wp-content\/uploads\/2023\/01\/verband-schoenen.svg","caption":"Offici\u00eble website Verbandschoenen"},"image":{"@id":"https:\/\/thuiszorgwinkel.mediabirds.dev\/#\/schema\/logo\/image\/"}}]}},"_links":{"self":[{"href":"https:\/\/thuiszorgwinkel.mediabirds.dev\/de\/wp-json\/wp\/v2\/pages\/2778"}],"collection":[{"href":"https:\/\/thuiszorgwinkel.mediabirds.dev\/de\/wp-json\/wp\/v2\/pages"}],"about":[{"href":"https:\/\/thuiszorgwinkel.mediabirds.dev\/de\/wp-json\/wp\/v2\/types\/page"}],"author":[{"embeddable":true,"href":"https:\/\/thuiszorgwinkel.mediabirds.dev\/de\/wp-json\/wp\/v2\/users\/1"}],"replies":[{"embeddable":true,"href":"https:\/\/thuiszorgwinkel.mediabirds.dev\/de\/wp-json\/wp\/v2\/comments?post=2778"}],"version-history":[{"count":0,"href":"https:\/\/thuiszorgwinkel.mediabirds.dev\/de\/wp-json\/wp\/v2\/pages\/2778\/revisions"}],"wp:attachment":[{"href":"https:\/\/thuiszorgwinkel.mediabirds.dev\/de\/wp-json\/wp\/v2\/media?parent=2778"}],"curies":[{"name":"wp","href":"https:\/\/api.w.org\/{rel}","templated":true}]}}